{"id":4198,"date":"2022-07-13T10:43:04","date_gmt":"2022-07-13T08:43:04","guid":{"rendered":"https:\/\/52-entertainment.com\/?page_id=4198"},"modified":"2023-06-28T13:50:23","modified_gmt":"2023-06-28T11:50:23","slug":"impact-day","status":"publish","type":"page","link":"https:\/\/52-entertainment.com\/fr\/impact-day\/","title":{"rendered":"Impact day"},"content":{"rendered":"<div data-colibri-id=\"4198-c1\" class=\"style-2588 style-local-4198-c1 position-relative\">\r\n  <!---->\r\n  <div data-colibri-component=\"section\" data-colibri-id=\"4198-c2\" id=\"header\" class=\"h-section h-section-global-spacing d-flex align-items-lg-center align-items-md-center align-items-center style-2589 style-local-4198-c2 position-relative\">\r\n    <!---->\r\n    <!---->\r\n    <div class=\"h-section-grid-container h-section-boxed-container\">\r\n      <!---->\r\n      <div data-colibri-id=\"4198-c3\" class=\"h-row-container gutters-row-lg-0 gutters-row-md-0 gutters-row-0 gutters-row-v-lg-0 gutters-row-v-md-0 gutters-row-v-0 style-2590 style-local-4198-c3 position-relative\">\r\n        <!---->\r\n        <div class=\"h-row justify-content-lg-center justify-content-md-center justify-content-center align-items-lg-stretch align-items-md-stretch align-items-stretch gutters-col-lg-0 gutters-col-md-0 gutters-col-0 gutters-col-v-lg-0 gutters-col-v-md-0 gutters-col-v-0\">\r\n          <!---->\r\n          <div class=\"h-column h-column-container d-flex h-col-lg-auto h-col-md-auto h-col-auto style-2591-outer style-local-4198-c4-outer\">\r\n            <div data-colibri-id=\"4198-c4\" class=\"d-flex h-flex-basis h-column__inner h-px-lg-2 h-px-md-2 h-px-2 v-inner-lg-2 v-inner-md-2 v-inner-2 style-2591 style-local-4198-c4 position-relative\">\r\n              <!---->\r\n              <!---->\r\n              <div class=\"w-100 h-y-container h-column__content h-column__v-align flex-basis-100 align-self-lg-center align-self-md-center align-self-center\">\r\n                <!---->\r\n                <div data-colibri-id=\"4198-c5\" class=\"h-global-transition-all h-heading style-2592 style-local-4198-c5 position-relative h-element\">\r\n                  <!---->\r\n                  <div class=\"h-heading__outer style-2592 style-local-4198-c5\">\r\n                    <!---->\r\n                    <!---->\r\n                    <h1 class=\"\"><span style=\"color: rgb(255, 255, 255);\">Notre engagement \u00e0 l'\u00e9gard de<\/span> l'environnement<\/h1>\r\n                  <\/div>\r\n                <\/div>\r\n                <div data-colibri-id=\"4198-c6\" class=\"h-text h-text-component style-2593 style-local-4198-c6 position-relative h-element\">\r\n                  <!---->\r\n                  <!---->\r\n                  <div class=\"\">\r\n                    <p>Un programme RSE impactant<\/p>\r\n                  <\/div>\r\n                <\/div>\r\n              <\/div>\r\n            <\/div>\r\n          <\/div>\r\n          <div class=\"h-column h-column-container d-flex h-col-lg-auto h-col-md-auto h-col-auto style-2594-outer style-local-4198-c7-outer\">\r\n            <div data-colibri-id=\"4198-c7\" class=\"d-flex h-flex-basis h-column__inner h-px-lg-0 h-px-md-0 h-px-0 v-inner-lg-0 v-inner-md-0 v-inner-0 style-2594 style-local-4198-c7 position-relative\">\r\n              <!---->\r\n              <!---->\r\n              <div class=\"w-100 h-y-container h-column__content h-column__v-align flex-basis-100 align-self-lg-start align-self-md-start align-self-start\">\r\n                <!---->\r\n                <div data-colibri-id=\"4198-c8\" class=\"d-block style-2595 style-local-4198-c8 position-relative h-element\">\r\n                  <!---->\r\n                  <div class=\"h-image__frame-container-outer\">\r\n                    <div class=\"h-image__frame-container\">\r\n                      <!---->\r\n                      <!---->\r\n                      <img loading=\"lazy\" decoding=\"async\" width=\"1986\" height=\"1396\" src=\"\/wp-content\/uploads\/2022\/06\/52entertainment_visuPortail_Dimpact52_v2_front-1.png\" class=\"wp-image-2931 style-2595-image style-local-4198-c8-image\" alt=\"\" srcset=\"https:\/\/52-entertainment.com\/wp-content\/uploads\/2022\/06\/52entertainment_visuPortail_Dimpact52_v2_front-1.png 1986w, https:\/\/52-entertainment.com\/wp-content\/uploads\/2022\/06\/52entertainment_visuPortail_Dimpact52_v2_front-1-300x211.png 300w, https:\/\/52-entertainment.com\/wp-content\/uploads\/2022\/06\/52entertainment_visuPortail_Dimpact52_v2_front-1-1024x720.png 1024w, https:\/\/52-entertainment.com\/wp-content\/uploads\/2022\/06\/52entertainment_visuPortail_Dimpact52_v2_front-1-768x540.png 768w, https:\/\/52-entertainment.com\/wp-content\/uploads\/2022\/06\/52entertainment_visuPortail_Dimpact52_v2_front-1-1536x1080.png 1536w, https:\/\/52-entertainment.com\/wp-content\/uploads\/2022\/06\/52entertainment_visuPortail_Dimpact52_v2_front-1-18x12.png 18w\" sizes=\"auto, (max-width: 1986px) 100vw, 1986px\" \/>\r\n                      <div class=\"h-image__frame h-hide-lg h-hide-md h-hide-sm style-2595-frameImage style-local-4198-c8-frameImage\"><\/div>\r\n                    <\/div>\r\n                  <\/div>\r\n                <\/div>\r\n              <\/div>\r\n            <\/div>\r\n          <\/div>\r\n        <\/div>\r\n      <\/div>\r\n    <\/div>\r\n  <\/div>\r\n  <div data-colibri-component=\"section\" data-colibri-id=\"4198-c13\" id=\"custom\" class=\"h-section h-section-global-spacing d-flex align-items-lg-center align-items-md-center align-items-center style-2625 style-local-4198-c13 position-relative\">\r\n    <!---->\r\n    <!---->\r\n    <div class=\"h-section-grid-container h-section-boxed-container\">\r\n      <!---->\r\n      <div data-colibri-id=\"4198-c14\" class=\"h-row-container gutters-row-lg-2 gutters-row-md-2 gutters-row-0 gutters-row-v-lg-2 gutters-row-v-md-2 gutters-row-v-2 style-2626 style-local-4198-c14 position-relative\">\r\n        <!---->\r\n        <div class=\"h-row justify-content-lg-center justify-content-md-center justify-content-center align-items-lg-stretch align-items-md-stretch align-items-stretch gutters-col-lg-2 gutters-col-md-2 gutters-col-0 gutters-col-v-lg-2 gutters-col-v-md-2 gutters-col-v-2\">\r\n          <!---->\r\n          <div class=\"h-column h-column-container d-flex h-col-lg-auto h-col-md-auto h-col-auto style-2627-outer style-local-4198-c15-outer\">\r\n            <div data-colibri-id=\"4198-c15\" class=\"d-flex h-flex-basis h-column__inner h-px-lg-2 h-px-md-2 h-px-2 v-inner-lg-2 v-inner-md-2 v-inner-2 style-2627 style-local-4198-c15 position-relative\">\r\n              <!---->\r\n              <!---->\r\n              <div class=\"w-100 h-y-container h-column__content h-column__v-align flex-basis-100 align-self-lg-start align-self-md-start align-self-start\">\r\n                <!---->\r\n                <div data-colibri-id=\"4198-c16\" class=\"page-title style-2632 style-local-4198-c16 position-relative h-element\">\r\n                  <!---->\r\n                  <div class=\"h-page-title__outer style-2632-outer style-local-4198-c16-outer\">\r\n                    <div class=\"h-global-transition-all\"><span><h2 style='margin-bottom:0'>Impact day<\/h2><\/span><\/div>\r\n                  <\/div>\r\n                <\/div>\r\n                <div data-colibri-id=\"4198-c17\" class=\"h-text h-text-component style-2628 style-local-4198-c17 position-relative h-element\">\r\n                  <!---->\r\n                  <!---->\r\n                  <div class=\"\">\r\n                    <p><span style=\"color: rgb(82, 82, 82);\">Le 22 juin 2022 a \u00e9t\u00e9 une journ\u00e9e essentielle pour le groupe 52 Entertainment.<\/span><\/p>\r\n                    <p><span style=\"color: rgb(82, 82, 82);\">C'\u00e9tait notre premier #impactday.\nUne journ\u00e9e ensemble pour r\u00e9fl\u00e9chir \u00e0 notre impact et nos actions pour le climat. En tant qu'individus. Et en tant qu'entreprise. Il y a urgence et nous devons tous r\u00e9veiller nos consciences et prendre conscience qu'il faut agir, vite, fort et concr\u00e8tement.<\/span><\/p>\r\n                    <p><span style=\"color: rgb(82, 82, 82);\">C'est pourquoi 52 Entertainment a cr\u00e9\u00e9 -Impact52 , un comit\u00e9 RSE interne pour concr\u00e9tiser nos actions et consid\u00e9rer la RSE comme une partie prenante du groupe. Mener et amplifier nos initiatives pour un monde meilleur.<\/span><\/p>\r\n                    <p><span style=\"color: rgb(82, 82, 82);\">Lors de cette journ\u00e9e Impact :<\/span><\/p>\r\n                    <p><span style=\"color: rgb(82, 82, 82);\">- Nous avons pr\u00e9sent\u00e9 notre strat\u00e9gie ESG, nos actions et notre programme RSE.<\/span><\/p>\r\n                    <p><span style=\"color: rgb(82, 82, 82);\">- Nous avons obtenu la restitution de notre bilan carbone avec notre partenaire Sami.<\/span><\/p>\r\n                    <p><span style=\"color: rgb(82, 82, 82);\">- Nous avons eu la chance d'\u00e9couter une masterclass brillante et instructive de Carine de Boissezon, Chief Impact Officer EDF. Merci encore Carine.<\/span><\/p>\r\n                    <p><span style=\"color: rgb(82, 82, 82);\">- Nous avons \u00e9t\u00e9 form\u00e9s \u00e0 #lafresqueduclimat par notre ch\u00e8re Eva Girardet lors d'un apr\u00e8s-midi tr\u00e8s ludique et instructif.<\/span><\/p>\r\n                    <p><span style=\"color: rgb(82, 82, 82);\">Ce n'est que le commencement. Nous sommes d\u00e9j\u00e0 en retard. Il est temps d'agir et de prendre des mesures concr\u00e8tes. C'est notre responsabilit\u00e9 en tant qu'individus. Et en tant qu'entreprise : Pour nos collaborateurs. Pour nos communaut\u00e9s fid\u00e8les et pour notre industrie. Et surtout : Pour notre plan\u00e8te.<\/span><\/p>\r\n                  <\/div>\r\n                <\/div>\r\n              <\/div>\r\n            <\/div>\r\n          <\/div>\r\n        <\/div>\r\n      <\/div>\r\n      <div data-colibri-id=\"4198-c18\" class=\"h-row-container gutters-row-lg-2 gutters-row-md-2 gutters-row-0 gutters-row-v-lg-2 gutters-row-v-md-2 gutters-row-v-2 style-2633 style-local-4198-c18 position-relative\">\r\n        <!---->\r\n        <div class=\"h-row justify-content-lg-center justify-content-md-center justify-content-center align-items-lg-stretch align-items-md-stretch align-items-stretch gutters-col-lg-2 gutters-col-md-2 gutters-col-0 gutters-col-v-lg-2 gutters-col-v-md-2 gutters-col-v-2\">\r\n          <!---->\r\n          <div class=\"h-column h-column-container d-flex h-col-lg-auto h-col-md-auto h-col-auto style-2634-outer style-local-4198-c19-outer\">\r\n            <div data-colibri-id=\"4198-c19\" class=\"d-flex h-flex-basis h-column__inner h-px-lg-2 h-px-md-2 h-px-2 v-inner-lg-2 v-inner-md-2 v-inner-2 style-2634 style-local-4198-c19 position-relative\">\r\n              <!---->\r\n              <!---->\r\n              <div class=\"w-100 h-y-container h-column__content h-column__v-align flex-basis-100 align-self-lg-start align-self-md-start align-self-start\">\r\n                <!---->\r\n                <div data-colibri-component=\"video\" data-colibri-id=\"4198-c20\" class=\"d-block h-video d-block h-video style-2635 style-local-4198-c20 position-relative h-element\">\r\n                  <!---->\r\n                  <!---->\r\n                  <div class=\"video-container position-relative\">\r\n                    <div class=\"h-global-transition-all ratio-inner\"><iframe src=\"https:\/\/www.youtube.com\/embed\/Z7G8bWBrHrE?autoplay=0&#038;mute=0&#038;modestbranding=0&#038;rel=0&#038;enablejsapi=1&#038;\" class='h-video-main'  allowfullscreen><\/iframe><\/div>\r\n                  <\/div>\r\n                <\/div>\r\n              <\/div>\r\n            <\/div>\r\n          <\/div>\r\n        <\/div>\r\n      <\/div>\r\n    <\/div>\r\n  <\/div>\r\n<\/div>","protected":false},"excerpt":{"rendered":"<p>Our journey to sustainability A meaningful global CSR program June 22 2022 has been an essential day for 52 Entertainment group.It was our first #impactday. One day together to think about our impact and our actions for the climate. As individuals. And as a company. There is an emergency and we all need to awake [&hellip;]<\/p>\n","protected":false},"author":1,"featured_media":0,"parent":0,"menu_order":0,"comment_status":"closed","ping_status":"closed","template":"page-templates\/full-width-page.php","meta":{"footnotes":""},"class_list":["post-4198","page","type-page","status-publish","hentry"],"yoast_head":"<!-- This site is optimized with the Yoast SEO plugin v27.5 - https:\/\/yoast.com\/product\/yoast-seo-wordpress\/ -->\n<title>Impact day - 52 Entertainment<\/title>\n<meta name=\"robots\" content=\"index, follow, max-snippet:-1, max-image-preview:large, max-video-preview:-1\" \/>\n<link rel=\"canonical\" href=\"https:\/\/52-entertainment.com\/fr\/impact-day\/\" \/>\n<meta property=\"og:locale\" content=\"fr_FR\" \/>\n<meta property=\"og:type\" content=\"article\" \/>\n<meta property=\"og:title\" content=\"Impact day - 52 Entertainment\" \/>\n<meta property=\"og:description\" content=\"Our journey to sustainability A meaningful global CSR program June 22 2022 has been an essential day for 52 Entertainment group.It was our first #impactday. One day together to think about our impact and our actions for the climate. As individuals. And as a company. There is an emergency and we all need to awake [&hellip;]\" \/>\n<meta property=\"og:url\" content=\"https:\/\/52-entertainment.com\/fr\/impact-day\/\" \/>\n<meta property=\"og:site_name\" content=\"52 Entertainment\" \/>\n<meta property=\"article:modified_time\" content=\"2023-06-28T11:50:23+00:00\" \/>\n<meta property=\"og:image\" content=\"https:\/\/52-entertainment.com\/wp-content\/uploads\/2024\/09\/cropped-visuel-news.jpg\" \/>\n\t<meta property=\"og:image:width\" content=\"700\" \/>\n\t<meta property=\"og:image:height\" content=\"500\" \/>\n\t<meta property=\"og:image:type\" content=\"image\/jpeg\" \/>\n<meta name=\"twitter:card\" content=\"summary_large_image\" \/>\n<meta name=\"twitter:label1\" content=\"Dur\u00e9e de lecture estim\u00e9e\" \/>\n\t<meta name=\"twitter:data1\" content=\"1 minute\" \/>\n<script type=\"application\/ld+json\" class=\"yoast-schema-graph\">{\"@context\":\"https:\\\/\\\/schema.org\",\"@graph\":[{\"@type\":\"WebPage\",\"@id\":\"https:\\\/\\\/52-entertainment.com\\\/impact-day\\\/\",\"url\":\"https:\\\/\\\/52-entertainment.com\\\/impact-day\\\/\",\"name\":\"Impact day - 52 Entertainment\",\"isPartOf\":{\"@id\":\"https:\\\/\\\/52-entertainment.com\\\/#website\"},\"datePublished\":\"2022-07-13T08:43:04+00:00\",\"dateModified\":\"2023-06-28T11:50:23+00:00\",\"breadcrumb\":{\"@id\":\"https:\\\/\\\/52-entertainment.com\\\/impact-day\\\/#breadcrumb\"},\"inLanguage\":\"fr-FR\",\"potentialAction\":[{\"@type\":\"ReadAction\",\"target\":[\"https:\\\/\\\/52-entertainment.com\\\/impact-day\\\/\"]}]},{\"@type\":\"BreadcrumbList\",\"@id\":\"https:\\\/\\\/52-entertainment.com\\\/impact-day\\\/#breadcrumb\",\"itemListElement\":[{\"@type\":\"ListItem\",\"position\":1,\"name\":\"Home\",\"item\":\"https:\\\/\\\/www.52-entertainment.com\\\/\"},{\"@type\":\"ListItem\",\"position\":2,\"name\":\"Impact day\"}]},{\"@type\":\"WebSite\",\"@id\":\"https:\\\/\\\/52-entertainment.com\\\/#website\",\"url\":\"https:\\\/\\\/52-entertainment.com\\\/\",\"name\":\"52 Entertainment\",\"description\":\"BRIDGE \\\/ MIND GAMES \\\/ NO LIMITS ...\",\"publisher\":{\"@id\":\"https:\\\/\\\/52-entertainment.com\\\/#organization\"},\"potentialAction\":[{\"@type\":\"SearchAction\",\"target\":{\"@type\":\"EntryPoint\",\"urlTemplate\":\"https:\\\/\\\/52-entertainment.com\\\/?s={search_term_string}\"},\"query-input\":{\"@type\":\"PropertyValueSpecification\",\"valueRequired\":true,\"valueName\":\"search_term_string\"}}],\"inLanguage\":\"fr-FR\"},{\"@type\":\"Organization\",\"@id\":\"https:\\\/\\\/52-entertainment.com\\\/#organization\",\"name\":\"52 Entertainment\",\"url\":\"https:\\\/\\\/52-entertainment.com\\\/\",\"logo\":{\"@type\":\"ImageObject\",\"inLanguage\":\"fr-FR\",\"@id\":\"https:\\\/\\\/52-entertainment.com\\\/#\\\/schema\\\/logo\\\/image\\\/\",\"url\":\"https:\\\/\\\/52-entertainment.com\\\/wp-content\\\/uploads\\\/2022\\\/03\\\/cropped-logo-52.png\",\"contentUrl\":\"https:\\\/\\\/52-entertainment.com\\\/wp-content\\\/uploads\\\/2022\\\/03\\\/cropped-logo-52.png\",\"width\":300,\"height\":300,\"caption\":\"52 Entertainment\"},\"image\":{\"@id\":\"https:\\\/\\\/52-entertainment.com\\\/#\\\/schema\\\/logo\\\/image\\\/\"},\"sameAs\":[\"https:\\\/\\\/www.linkedin.com\\\/company\\\/52-entertainment\\\/\"]}]}<\/script>\n<!-- \/ Yoast SEO plugin. -->","yoast_head_json":{"title":"Impact day - 52 Entertainment","robots":{"index":"index","follow":"follow","max-snippet":"max-snippet:-1","max-image-preview":"max-image-preview:large","max-video-preview":"max-video-preview:-1"},"canonical":"https:\/\/52-entertainment.com\/fr\/impact-day\/","og_locale":"fr_FR","og_type":"article","og_title":"Impact day - 52 Entertainment","og_description":"Our journey to sustainability A meaningful global CSR program June 22 2022 has been an essential day for 52 Entertainment group.It was our first #impactday. One day together to think about our impact and our actions for the climate. As individuals. And as a company. There is an emergency and we all need to awake [&hellip;]","og_url":"https:\/\/52-entertainment.com\/fr\/impact-day\/","og_site_name":"52 Entertainment","article_modified_time":"2023-06-28T11:50:23+00:00","og_image":[{"width":700,"height":500,"url":"https:\/\/52-entertainment.com\/wp-content\/uploads\/2024\/09\/cropped-visuel-news.jpg","type":"image\/jpeg"}],"twitter_card":"summary_large_image","twitter_misc":{"Dur\u00e9e de lecture estim\u00e9e":"1 minute"},"schema":{"@context":"https:\/\/schema.org","@graph":[{"@type":"WebPage","@id":"https:\/\/52-entertainment.com\/impact-day\/","url":"https:\/\/52-entertainment.com\/impact-day\/","name":"Impact day - 52 Entertainment","isPartOf":{"@id":"https:\/\/52-entertainment.com\/#website"},"datePublished":"2022-07-13T08:43:04+00:00","dateModified":"2023-06-28T11:50:23+00:00","breadcrumb":{"@id":"https:\/\/52-entertainment.com\/impact-day\/#breadcrumb"},"inLanguage":"fr-FR","potentialAction":[{"@type":"ReadAction","target":["https:\/\/52-entertainment.com\/impact-day\/"]}]},{"@type":"BreadcrumbList","@id":"https:\/\/52-entertainment.com\/impact-day\/#breadcrumb","itemListElement":[{"@type":"ListItem","position":1,"name":"Home","item":"https:\/\/www.52-entertainment.com\/"},{"@type":"ListItem","position":2,"name":"Impact day"}]},{"@type":"WebSite","@id":"https:\/\/52-entertainment.com\/#website","url":"https:\/\/52-entertainment.com\/","name":"52 Entertainment","description":"BRIDGE \/ MIND GAMES \/ NO LIMITS ...","publisher":{"@id":"https:\/\/52-entertainment.com\/#organization"},"potentialAction":[{"@type":"SearchAction","target":{"@type":"EntryPoint","urlTemplate":"https:\/\/52-entertainment.com\/?s={search_term_string}"},"query-input":{"@type":"PropertyValueSpecification","valueRequired":true,"valueName":"search_term_string"}}],"inLanguage":"fr-FR"},{"@type":"Organization","@id":"https:\/\/52-entertainment.com\/#organization","name":"52 Entertainment","url":"https:\/\/52-entertainment.com\/","logo":{"@type":"ImageObject","inLanguage":"fr-FR","@id":"https:\/\/52-entertainment.com\/#\/schema\/logo\/image\/","url":"https:\/\/52-entertainment.com\/wp-content\/uploads\/2022\/03\/cropped-logo-52.png","contentUrl":"https:\/\/52-entertainment.com\/wp-content\/uploads\/2022\/03\/cropped-logo-52.png","width":300,"height":300,"caption":"52 Entertainment"},"image":{"@id":"https:\/\/52-entertainment.com\/#\/schema\/logo\/image\/"},"sameAs":["https:\/\/www.linkedin.com\/company\/52-entertainment\/"]}]}},"_links":{"self":[{"href":"https:\/\/52-entertainment.com\/fr\/wp-json\/wp\/v2\/pages\/4198","targetHints":{"allow":["GET"]}}],"collection":[{"href":"https:\/\/52-entertainment.com\/fr\/wp-json\/wp\/v2\/pages"}],"about":[{"href":"https:\/\/52-entertainment.com\/fr\/wp-json\/wp\/v2\/types\/page"}],"author":[{"embeddable":true,"href":"https:\/\/52-entertainment.com\/fr\/wp-json\/wp\/v2\/users\/1"}],"replies":[{"embeddable":true,"href":"https:\/\/52-entertainment.com\/fr\/wp-json\/wp\/v2\/comments?post=4198"}],"version-history":[{"count":10,"href":"https:\/\/52-entertainment.com\/fr\/wp-json\/wp\/v2\/pages\/4198\/revisions"}],"predecessor-version":[{"id":6388,"href":"https:\/\/52-entertainment.com\/fr\/wp-json\/wp\/v2\/pages\/4198\/revisions\/6388"}],"wp:attachment":[{"href":"https:\/\/52-entertainment.com\/fr\/wp-json\/wp\/v2\/media?parent=4198"}],"curies":[{"name":"wp","href":"https:\/\/api.w.org\/{rel}","templated":true}]}}